{"id":1257,"date":"2018-11-23T09:13:36","date_gmt":"2018-11-23T09:13:36","guid":{"rendered":"http:\/\/www.smartcentre.cat\/?page_id=1257"},"modified":"2021-01-21T11:43:03","modified_gmt":"2021-01-21T11:43:03","slug":"el-mon-de-loli","status":"publish","type":"page","link":"http:\/\/www.smartcentre.cat\/?page_id=1257","title":{"rendered":"El m\u00f3n de l&#8217;oli"},"content":{"rendered":"<p>L\u2019Smartcentre de Santa B\u00e0rbara ha creat un espai sobre el m\u00f3n de l\u2019oli, ja que el conreu de l\u2019olivera i la producci\u00f3 de l\u2019oli han estat determinants en l\u2019origen i l\u2019evoluci\u00f3 del municipi i de poblacions ve\u00efnes. L\u2019olivera i l\u2019oli ens parlen d\u2019una manera de viure i entendre la terra, el paisatge i la hist\u00f2ria i una mostra de la seua import\u00e0ncia \u00e9s la Fira de l\u2019Oli Novell dels C\u00edtrics i del Comer\u00e7 que es realitza des del 1997.<\/p>\n<p>Aquest espai avarca diverses vessants i una de les m\u00e9s importants \u00e9s el fons especialitzat en el m\u00f3n de l\u2019oli, que inclou diferents tipologies de documents com llibres, DVD, CD, treballs i publicacions, de diverses tem\u00e0tiques i \u00e0mbits relacionats amb el m\u00f3n de l\u2019oli, tant generals com particulars: olives i oliveres, oli, cooperatives, salut i medicina, treball al camp, gastronomia, medi ambient i contaminaci\u00f3, llengua, novel\u00b7les i llibres infantils.<\/p>\n<p>Per tant, per una banda, l\u2019Smartcentre busca refor\u00e7ar el seu fons documental sobre la cultura de l\u2019oli, buscant aix\u00ed ser un punt de refer\u00e8ncia tant per a ole\u00efcultors i professionals del sector, com per aficionats a l\u2019ole\u00efcultura i usuaris en general. I per una altra banda, pret\u00e9n dinamitzar aquest fons a trav\u00e9s d\u2019un programa d\u2019activitats mensuals de diferent \u00edndole, tals com muntatge d\u2019aparadors, rutes liter\u00e0ries entre oliveres, recitals de poesia, degustaci\u00f3 d\u2019oli, visites culturals, tallers especialitzats, etc. sempre amb el m\u00f3n de l\u2019oli com a tema principal.<\/p>\n<p>Finalment, s\u2019estableix una estreta relaci\u00f3 amb les cooperatives i amb el Museu de la Vida a la Plana, equipaments de refer\u00e8ncia dins del m\u00f3n de l\u2019oli al municipi, on a trav\u00e9s d\u2019aquest espai de l\u2019Smartcentre els usuaris podran trobar tot tipus d\u2019informaci\u00f3 referent a aquests equipaments.<\/p>\n<p><img loading=\"lazy\" decoding=\"async\" class=\"aligncenter wp-image-1263 size-medium\" src=\"http:\/\/www.smartcentre.cat\/wp-content\/uploads\/2018\/11\/El-mon-de-loli-1-266x300.jpg\" alt=\"El mon de l'oli 1\" width=\"266\" height=\"300\" srcset=\"http:\/\/www.smartcentre.cat\/wp-content\/uploads\/2018\/11\/El-mon-de-loli-1-266x300.jpg 266w, http:\/\/www.smartcentre.cat\/wp-content\/uploads\/2018\/11\/El-mon-de-loli-1-908x1024.jpg 908w, http:\/\/www.smartcentre.cat\/wp-content\/uploads\/2018\/11\/El-mon-de-loli-1.jpg 1504w\" sizes=\"auto, (max-width: 266px) 100vw, 266px\" \/><\/p>\n<p style=\"text-align: center;\"><strong>OLIVERA &#8211; PAU<\/strong><\/p>\n<p style=\"text-align: center;\">El vent remou la copa platejada<br \/>\nplena dels menuts \u00f2vals maragdins,<br \/>\nl\u2019olivera s\u2019arregla gleva endins<br \/>\nmostrant la vella soca torturada.<\/p>\n<p style=\"text-align: center;\">Un brot fruitat, esqueix de la brancada,<br \/>\nl\u2019ha arrencat un colom de bons instints<br \/>\ni vola, llest, cap a uns altres confins<br \/>\na dur la pau on \u00e9s m\u00e9s esperada.<\/p>\n<p style=\"text-align: center;\">No \u00e9s gaire lluny la nostra mar tan clara,<br \/>\ntot el paisatge vibra d\u2019esplendor,<br \/>\nl\u2019oliverar destil\u00b7la serenor<br \/>\ni augusta calma l\u2019esperit amara.<br \/>\nCom un oli sagrat que reconforta<br \/>\nens ve la pau que l\u2019olivera porta.<\/p>\n<p style=\"text-align: right;\"><em><strong>OLEA EUROPAEA<\/strong><\/em><\/p>\n<p style=\"text-align: right;\"><em>Arbres amics (Albert Pena &#8211; Premi de poesia dels V Premis Literaris Sant Jordi Vila de Santa B\u00e0rbara, 1996)<\/em><\/p>\n<p>&nbsp;<\/p>\n<p style=\"text-align: center;\"><strong>REFRANYS<\/strong><\/p>\n<p style=\"text-align: center;\">L\u2019oli d\u2019oliva tot mal esquiva.<br \/>\nLa veritat i l\u2019oli sempre suren.<br \/>\nPa calent, amb oli \u00e9s menys dolent.<br \/>\nAmb oli a les piques, les cases s\u00f3n riques.<br \/>\nQui oli remena, els dits se n\u2019unta.<br \/>\nMatrimoni sense fills, arr\u00f2s sense oli.<\/p>\n<p>&nbsp;<\/p>\n<p style=\"text-align: center;\"><strong>FRASES FETES O LOCUCIONS<\/strong><\/p>\n<p style=\"text-align: center;\">Com una bassa d\u2019oli.<br \/>\nCanviar l\u2019aigua de les olives.<br \/>\nOli en un llum.<br \/>\nHas begut oli.<br \/>\nPassa de taca d\u2019oli.<br \/>\nS\u2019escampen com una taca d\u2019oli.<br \/>\nTe l\u2019haur\u00e0s de pintar a l\u2019oli.<br \/>\nNo tenen sal ni oli.<\/p>\n<p style=\"text-align: center;\"><strong>ENDEVINALLES<\/strong><\/p>\n<p style=\"text-align: center;\">Verds van ser els meus estudis i de dol em vaig vestir, m\u00e9s ara que vaig de negre els paladars faig gaudir (l\u2019oliva).<br \/>\nL\u2019arbre el fruit ha de donar, la premsa l\u2019ha de premsar, te l\u2019has de menjar amb pa, i el vestit et pot tacar (l\u2019oli).<br \/>\n\u00c9s groc com el safr\u00e0 i pertot es pot posar (l\u2019oli).<\/p>\n<p style=\"text-align: center;\"><strong>Enlla\u00e7os d&#8217;inter\u00e9s:<\/strong><\/p>\n<p style=\"text-align: center;\"><a href=\"http:\/\/www.acobem.com\/\">http:\/\/www.acobem.com<\/a><\/p>\n<p style=\"text-align: center;\"><a href=\"https:\/\/grusco.cat\/es\/\">https:\/\/grusco.cat\/es\/<\/a><\/p>\n<p style=\"text-align: center;\"><a href=\"http:\/\/www.festes.org\/directori.php?id=729\">http:\/\/www.festes.org\/directori.php?id=729<\/a><\/p>\n","protected":false},"excerpt":{"rendered":"<p>L\u2019Smartcentre de Santa B\u00e0rbara ha creat un espai sobre el m\u00f3n de l\u2019oli, ja que el conreu de l\u2019olivera i la producci\u00f3 de l\u2019oli han estat determinants en l\u2019origen i l\u2019evoluci\u00f3 del municipi i de poblacions ve\u00efnes. L\u2019olivera i l\u2019oli ens parlen d\u2019una manera de viure i entendre la terra, el paisatge i la hist\u00f2ria [&hellip;]<\/p>\n","protected":false},"author":1,"featured_media":0,"parent":0,"menu_order":0,"comment_status":"closed","ping_status":"closed","template":"","meta":{"footnotes":""},"class_list":["post-1257","page","type-page","status-publish","hentry"],"_links":{"self":[{"href":"http:\/\/www.smartcentre.cat\/index.php?rest_route=\/wp\/v2\/pages\/1257","targetHints":{"allow":["GET"]}}],"collection":[{"href":"http:\/\/www.smartcentre.cat\/index.php?rest_route=\/wp\/v2\/pages"}],"about":[{"href":"http:\/\/www.smartcentre.cat\/index.php?rest_route=\/wp\/v2\/types\/page"}],"author":[{"embeddable":true,"href":"http:\/\/www.smartcentre.cat\/index.php?rest_route=\/wp\/v2\/users\/1"}],"replies":[{"embeddable":true,"href":"http:\/\/www.smartcentre.cat\/index.php?rest_route=%2Fwp%2Fv2%2Fcomments&post=1257"}],"version-history":[{"count":11,"href":"http:\/\/www.smartcentre.cat\/index.php?rest_route=\/wp\/v2\/pages\/1257\/revisions"}],"predecessor-version":[{"id":1660,"href":"http:\/\/www.smartcentre.cat\/index.php?rest_route=\/wp\/v2\/pages\/1257\/revisions\/1660"}],"wp:attachment":[{"href":"http:\/\/www.smartcentre.cat\/index.php?rest_route=%2Fwp%2Fv2%2Fmedia&parent=1257"}],"curies":[{"name":"wp","href":"https:\/\/api.w.org\/{rel}","templated":true}]}}