{"id":2069,"date":"2024-01-18T10:23:12","date_gmt":"2024-01-18T10:23:12","guid":{"rendered":"http:\/\/www.smartcentre.cat\/?page_id=2069"},"modified":"2025-04-28T09:52:18","modified_gmt":"2025-04-28T09:52:18","slug":"necesser-tic-ntic","status":"publish","type":"page","link":"http:\/\/www.smartcentre.cat\/?page_id=2069","title":{"rendered":"Necesser TIC NTIC"},"content":{"rendered":"<p><a href=\"http:\/\/www.smartcentre.cat\/wp-content\/uploads\/2024\/02\/NTIC.png\"><img loading=\"lazy\" decoding=\"async\" class=\"alignleft size-full wp-image-2091\" src=\"http:\/\/www.smartcentre.cat\/wp-content\/uploads\/2024\/02\/NTIC.png\" alt=\"\" width=\"539\" height=\"283\" srcset=\"http:\/\/www.smartcentre.cat\/wp-content\/uploads\/2024\/02\/NTIC.png 539w, http:\/\/www.smartcentre.cat\/wp-content\/uploads\/2024\/02\/NTIC-300x158.png 300w\" sizes=\"auto, (max-width: 539px) 100vw, 539px\" \/><\/a><\/p>\n<p>&nbsp;<\/p>\n<p>&nbsp;<\/p>\n<p>&nbsp;<\/p>\n<p>&nbsp;<\/p>\n<p>&nbsp;<\/p>\n<p>&nbsp;<\/p>\n<p>&nbsp;<\/p>\n<p>&nbsp;<\/p>\n<p>&nbsp;<\/p>\n<p><a href=\"http:\/\/www.smartcentre.cat\/wp-content\/uploads\/2024\/05\/KIT-DEMPODERAMENT-DIGITAL-FEMINISTA.pdf\">KIT D&#8217;EMPODERAMENT DIGITAL FEMINISTA<\/a><\/p>\n<p>Projecte NTIC <strong><a href=\"https:\/\/www.youtube.com\/watch?v=8SMFHkGrjuE\">aqu\u00ed<\/a><\/strong><\/p>\n<p>El 9 de febrer de 2024, en el marc de la celebraci\u00f3 del Dia Internacional del la Dona i la Nena a la Ci\u00e8ncia (11 febrer), vam presentar el NecesserTIC &#8211; NTIC,\u00a0 <b><u>un projecte impulsat des de l&#8217;Smartcentre de Santa B\u00e0rbara,<\/u><\/b>\u00a0que est\u00e0 pensat per trencar amb els estereotips de g\u00e8nere.<\/p>\n<p>&#8220;<i><b>Qu\u00e8 passa quan el necesser d&#8217;una Dona porta un cable de xarxa, o un adaptador, o un tornav\u00eds..?<\/b><\/i>&#8221;<\/p>\n<p>L\u2019objectiu de la presentaci\u00f3 \u00e9s desplegar el concepte del Necesser TIC a tota Catalunya i que, mitjan\u00e7ant el canvi de perspectiva d\u2019aquest objecte, es promogui la visibilitat del poder de la dona i les seves capacitats en el sector TIC.<\/p>\n<p>Visualitza la presentaci\u00f3 del NecesserTIC de Santa B\u00e0rbara\u00a0<b><a href=\"https:\/\/youtu.be\/6ezoreRjvK4?si=iTE5ZunapUOCqtMV&amp;t=1232\">aqu\u00ed<\/a><\/b><b><br \/>\n<\/b><\/p>\n<p>Resum de la jornada\u00a0<b><a href=\"https:\/\/www.youtube.com\/watch?v=AvANWLz8yT4\">aqu\u00ed<\/a><\/b><\/p>\n<p>&nbsp;<\/p>\n<p><strong>Suma&#8217;t a la campanya i re-dissenya i re-plica el teu propi Necesser. El concepte de NecesserTIC \u00e9s Open Innovation, Open Collaboration, qualsevol persona o entitat \u00e9s lliure de copiar i re-crear el seu propi NecesserTIC.<\/strong><\/p>\n<p>Us deixem l\u2019enlla\u00e7 per adherir-vos al projecte i sumar molts NecessersTIC:<\/p>\n<p><a href=\"https:\/\/forms.gle\/HGwdPn4VbdbTSicH6\"><strong>Formulari adhesi\u00f3 NTIC<\/strong><\/a><\/p>\n<p>&nbsp;<\/p>\n<p>&nbsp;<\/p>\n","protected":false},"excerpt":{"rendered":"<p>&nbsp; &nbsp; &nbsp; &nbsp; &nbsp; &nbsp; &nbsp; &nbsp; &nbsp; KIT D&#8217;EMPODERAMENT DIGITAL FEMINISTA Projecte NTIC aqu\u00ed El 9 de febrer de 2024, en el marc de la celebraci\u00f3 del Dia Internacional del la Dona i la Nena a la Ci\u00e8ncia (11 febrer), vam presentar el NecesserTIC &#8211; NTIC,\u00a0 un projecte impulsat des de l&#8217;Smartcentre de [&hellip;]<\/p>\n","protected":false},"author":1,"featured_media":0,"parent":0,"menu_order":0,"comment_status":"closed","ping_status":"closed","template":"","meta":{"footnotes":""},"class_list":["post-2069","page","type-page","status-publish","hentry"],"_links":{"self":[{"href":"http:\/\/www.smartcentre.cat\/index.php?rest_route=\/wp\/v2\/pages\/2069","targetHints":{"allow":["GET"]}}],"collection":[{"href":"http:\/\/www.smartcentre.cat\/index.php?rest_route=\/wp\/v2\/pages"}],"about":[{"href":"http:\/\/www.smartcentre.cat\/index.php?rest_route=\/wp\/v2\/types\/page"}],"author":[{"embeddable":true,"href":"http:\/\/www.smartcentre.cat\/index.php?rest_route=\/wp\/v2\/users\/1"}],"replies":[{"embeddable":true,"href":"http:\/\/www.smartcentre.cat\/index.php?rest_route=%2Fwp%2Fv2%2Fcomments&post=2069"}],"version-history":[{"count":10,"href":"http:\/\/www.smartcentre.cat\/index.php?rest_route=\/wp\/v2\/pages\/2069\/revisions"}],"predecessor-version":[{"id":2192,"href":"http:\/\/www.smartcentre.cat\/index.php?rest_route=\/wp\/v2\/pages\/2069\/revisions\/2192"}],"wp:attachment":[{"href":"http:\/\/www.smartcentre.cat\/index.php?rest_route=%2Fwp%2Fv2%2Fmedia&parent=2069"}],"curies":[{"name":"wp","href":"https:\/\/api.w.org\/{rel}","templated":true}]}}